{"id":13054,"date":"2024-03-25T09:15:45","date_gmt":"2024-03-25T08:15:45","guid":{"rendered":"https:\/\/smilyspaces.com\/?post_type=product&#038;p=13054"},"modified":"2024-03-25T09:33:00","modified_gmt":"2024-03-25T08:33:00","slug":"smily-b4","status":"publish","type":"product","link":"https:\/\/smilyspaces.com\/?product=smily-b4","title":{"rendered":"Smily Space B4"},"content":{"rendered":"<p>Escondido en el animado coraz\u00f3n de Barcelona en la moderna direcci\u00f3n de Mallorca 221, este vibrante espacio de oficina es un sue\u00f1o hecho realidad para un equipo din\u00e1mico de doce personas. Desde el principio, sentir\u00e1s la energ\u00eda positiva, gracias a nuestra incre\u00edble secretaria general siempre lista para ayudar a simplificar tu ajetreada rutina diaria.<\/p>\n<p>Dise\u00f1ado con una pizca de creatividad y mucho cuidado, el espacio de trabajo est\u00e1 pensado para estimular la productividad y mantener el buen ambiente. Est\u00e1 equipado con Wi-Fi ultrarr\u00e1pido y lo \u00faltimo en tecnolog\u00eda de seguridad, incluido el acceso con huella digital, para que puedas estar conectado y seguro sin perder ritmo.<\/p>\n<p>Al salir de la oficina, encontrar\u00e1s \u00e1reas comunales relajadas ideales para cambiar la rutina del d\u00eda de trabajo. Estos espacios fomentan la colaboraci\u00f3n y la flexibilidad, ofreciendo un lugar privilegiado para relacionarte con otras personas con mentalidad progresista en el edificio.<\/p>\n<p>\u00bfY la cocina? Equipada con todo, desde un microondas y cafetera hasta un hervidor el\u00e9ctrico y nevera. Ya sea que est\u00e9s preparando tu caf\u00e9 matutino o el almuerzo, todo est\u00e1 listo para tu comodidad y conveniencia.<\/p>\n<p>Adem\u00e1s, con servicios de limpieza incluidos, puedes concentrarte en el panorama general sin preocuparte por los detalles. Mallorca 221 no es solo una oficina; es un entorno din\u00e1mico creado para equipos que buscan romper moldes y marcar el ritmo del \u00e9xito.<\/p>\n<p>Tenemos proyectos no listados debido a la alta demanda del mercado.\u00a0<a href=\"https:\/\/smilyspaces.com\/contacto\/\" target=\"_blank\" rel=\"noopener\">Cont\u00e1ctenos<\/a>.<\/p>\n<p>Encu\u00e9ntranos aqu\u00ed:\u00a0<a href=\"https:\/\/www.google.com\/maps?ll=41.391396,2.158911&amp;z=13&amp;t=m&amp;hl=es-ES&amp;gl=US&amp;mapclient=embed&amp;cid=7962135447735965812\" target=\"_blank\" rel=\"noopener\">Google Maps.<\/a><\/p>\n","protected":false},"excerpt":{"rendered":"<p>Descubra un espacio de oficina premium en 221 Mallorca, Barcelona, \u200b\u200bideal para equipos de doce personas. Disfrute de comodidades de \u00faltima generaci\u00f3n, Wi-Fi de alta velocidad, acceso seguro con huellas dactilares y \u00e1reas comunes abiertas para establecer contactos. Cocina equipada y secretaria exclusiva incluidas para una experiencia empresarial perfecta.<\/p>\n","protected":false},"featured_media":12007,"template":"","meta":{"inline_featured_image":false},"product_cat":[46],"product_tag":[36,47,147,148,151],"class_list":{"0":"post-13054","1":"product","2":"type-product","3":"status-publish","4":"has-post-thumbnail","6":"product_cat-10-personas","7":"product_tag-coworking","8":"product_tag-espacio-descanso","9":"product_tag-meeting-room","10":"product_tag-gran-empresa","11":"product_tag-equipo-grande","13":"first","14":"outofstock","15":"shipping-taxable","16":"purchasable","17":"product-type-simple"},"aioseo_notices":[],"_links":{"self":[{"href":"https:\/\/smilyspaces.com\/index.php?rest_route=\/wp\/v2\/product\/13054","targetHints":{"allow":["GET"]}}],"collection":[{"href":"https:\/\/smilyspaces.com\/index.php?rest_route=\/wp\/v2\/product"}],"about":[{"href":"https:\/\/smilyspaces.com\/index.php?rest_route=\/wp\/v2\/types\/product"}],"version-history":[{"count":1,"href":"https:\/\/smilyspaces.com\/index.php?rest_route=\/wp\/v2\/product\/13054\/revisions"}],"predecessor-version":[{"id":13058,"href":"https:\/\/smilyspaces.com\/index.php?rest_route=\/wp\/v2\/product\/13054\/revisions\/13058"}],"wp:featuredmedia":[{"embeddable":true,"href":"https:\/\/smilyspaces.com\/index.php?rest_route=\/wp\/v2\/media\/12007"}],"wp:attachment":[{"href":"https:\/\/smilyspaces.com\/index.php?rest_route=%2Fwp%2Fv2%2Fmedia&parent=13054"}],"wp:term":[{"taxonomy":"product_cat","embeddable":true,"href":"https:\/\/smilyspaces.com\/index.php?rest_route=%2Fwp%2Fv2%2Fproduct_cat&post=13054"},{"taxonomy":"product_tag","embeddable":true,"href":"https:\/\/smilyspaces.com\/index.php?rest_route=%2Fwp%2Fv2%2Fproduct_tag&post=13054"}],"curies":[{"name":"wp","href":"https:\/\/api.w.org\/{rel}","templated":true}]}}