{"id":11884,"date":"2024-03-01T09:27:32","date_gmt":"2024-03-01T08:27:32","guid":{"rendered":"https:\/\/smilyspaces.com\/?post_type=product&#038;p=11884"},"modified":"2024-03-20T12:03:05","modified_gmt":"2024-03-20T11:03:05","slug":"smily-c4","status":"publish","type":"product","link":"https:\/\/smilyspaces.com\/?product=smily-c4","title":{"rendered":"Smily Space C4"},"content":{"rendered":"<p>Ubicado en el coraz\u00f3n de Barcelona, en la prestigiosa direcci\u00f3n de Mallorca 221, este sofisticado espacio de oficina es ideal para un equipo din\u00e1mico de ocho personas. Al ingresar, una atm\u00f3sfera profesional te da la bienvenida, complementada por una secretaria general dedicada lista para ofrecer amplio apoyo administrativo, garantizando operaciones sin contratiempos todos los d\u00edas.<\/p>\n<p>Elaborada con meticulosa atenci\u00f3n al detalle, la oficina est\u00e1 dise\u00f1ada para impulsar tanto la productividad como la comodidad. Cuenta con Wi-Fi y sistemas de seguridad de \u00faltima generaci\u00f3n, incluido el acceso biom\u00e9trico con huella digital, para proporcionar una conectividad continua y una seguridad incomparable, protegiendo tu tranquilidad.<\/p>\n<p>Junto a la oficina, \u00e1reas comunales abiertas ofrecen un cambio de escenario refrescante, fomentando una atm\u00f3sfera de trabajo colaborativa y adaptable. Estos espacios compartidos son una ventaja para establecer redes de contactos, permitiendo interacciones significativas con otros inquilinos dentro del edificio.<\/p>\n<p>La cocina est\u00e1 equipada con los \u00faltimos electrodom\u00e9sticos, incluido un microondas, cafetera, hervidor el\u00e9ctrico y refrigerador, lo que te permite comer y refrescarte sin salir. Esta \u00e1rea, dise\u00f1ada para tu comodidad, garantiza que tus necesidades culinarias sean cubiertas, ya sea preparando un caf\u00e9 temprano por la ma\u00f1ana o montando un almuerzo al mediod\u00eda.<\/p>\n<p>La inclusi\u00f3n de servicios de limpieza profesionales significa que tu enfoque puede mantenerse firmemente en avanzar hacia tus objetivos comerciales, libre de las preocupaciones mundanas del mantenimiento. Esta oficina en Mallorca 221 no es simplemente un lugar de trabajo; representa un entorno personalizado creado para la excelencia y el \u00e9xito, encarnando el pin\u00e1culo del dise\u00f1o profesional de espacios de trabajo.<\/p>\n<p>Tenemos proyectos no listados debido a la alta demanda del mercado.\u00a0<a href=\"https:\/\/smilyspaces.com\/contacto\/\" target=\"_blank\" rel=\"noopener\">Cont\u00e1ctenos<\/a>.<\/p>\n<p>Encu\u00e9ntranos aqu\u00ed:\u00a0<a href=\"https:\/\/www.google.com\/maps?ll=41.391396,2.158911&amp;z=13&amp;t=m&amp;hl=es-ES&amp;gl=US&amp;mapclient=embed&amp;cid=7962135447735965812\" target=\"_blank\" rel=\"noopener\">Google Maps.<\/a><\/p>\n","protected":false},"excerpt":{"rendered":"<p>Descubra un espacio de oficina premium en 221 Mallorca, Barcelona, \u200b\u200bideal para equipos de ocho personas. Disfrute de comodidades de \u00faltima generaci\u00f3n, Wi-Fi de alta velocidad, acceso seguro con huellas dactilares y \u00e1reas comunes abiertas para establecer contactos. Cocina equipada y secretaria exclusiva incluidas para una experiencia empresarial perfecta<\/p>\n","protected":false},"featured_media":12047,"template":"","meta":{"inline_featured_image":false},"product_cat":[41],"product_tag":[36,47,147,149,148],"class_list":{"0":"post-11884","1":"product","2":"type-product","3":"status-publish","4":"has-post-thumbnail","6":"product_cat-7-8-personas","7":"product_tag-coworking","8":"product_tag-espacio-descanso","9":"product_tag-meeting-room","10":"product_tag-equipo-mayor","11":"product_tag-gran-empresa","13":"first","14":"outofstock","15":"shipping-taxable","16":"purchasable","17":"product-type-simple"},"aioseo_notices":[],"_links":{"self":[{"href":"https:\/\/smilyspaces.com\/index.php?rest_route=\/wp\/v2\/product\/11884","targetHints":{"allow":["GET"]}}],"collection":[{"href":"https:\/\/smilyspaces.com\/index.php?rest_route=\/wp\/v2\/product"}],"about":[{"href":"https:\/\/smilyspaces.com\/index.php?rest_route=\/wp\/v2\/types\/product"}],"version-history":[{"count":4,"href":"https:\/\/smilyspaces.com\/index.php?rest_route=\/wp\/v2\/product\/11884\/revisions"}],"predecessor-version":[{"id":12861,"href":"https:\/\/smilyspaces.com\/index.php?rest_route=\/wp\/v2\/product\/11884\/revisions\/12861"}],"wp:featuredmedia":[{"embeddable":true,"href":"https:\/\/smilyspaces.com\/index.php?rest_route=\/wp\/v2\/media\/12047"}],"wp:attachment":[{"href":"https:\/\/smilyspaces.com\/index.php?rest_route=%2Fwp%2Fv2%2Fmedia&parent=11884"}],"wp:term":[{"taxonomy":"product_cat","embeddable":true,"href":"https:\/\/smilyspaces.com\/index.php?rest_route=%2Fwp%2Fv2%2Fproduct_cat&post=11884"},{"taxonomy":"product_tag","embeddable":true,"href":"https:\/\/smilyspaces.com\/index.php?rest_route=%2Fwp%2Fv2%2Fproduct_tag&post=11884"}],"curies":[{"name":"wp","href":"https:\/\/api.w.org\/{rel}","templated":true}]}}