{"id":11755,"date":"2024-02-29T09:58:41","date_gmt":"2024-02-29T08:58:41","guid":{"rendered":"https:\/\/smilyspaces.com\/?post_type=product&#038;p=11755"},"modified":"2024-03-20T12:03:52","modified_gmt":"2024-03-20T11:03:52","slug":"smily-h","status":"publish","type":"product","link":"https:\/\/smilyspaces.com\/?product=smily-h","title":{"rendered":"Smily Space H2"},"content":{"rendered":"<p>Ubicado en el vibrante coraz\u00f3n de Barcelona, en la moderna Mallorca 221, este animado espacio de oficina es un cambio de juego para freelancers y startups en equipos de tres. Desde el momento en que entras, el lugar rebosa con una atm\u00f3sfera acogedora, cortes\u00eda de nuestra fant\u00e1stica secretaria general, lista para facilitar tu rutina diaria.<\/p>\n<p>Dise\u00f1ado con innovaci\u00f3n y atenci\u00f3n al detalle, este espacio de trabajo est\u00e1 pensado para encender tu productividad y mantener la energ\u00eda positiva fluyendo. Equipado con Wi-Fi s\u00faper r\u00e1pido y seguridad de vanguardia, incluido el acceso con huella digital, est\u00e1s listo para mantenerte conectado y seguro mientras expandes los l\u00edmites.<\/p>\n<p>Justo afuera de la puerta de tu oficina, encontrar\u00e1s acogedores espacios comunales perfectos para cambiar tu escenario de trabajo. Estas \u00e1reas son el coraz\u00f3n de la colaboraci\u00f3n y la adaptabilidad, brind\u00e1ndote una oportunidad de oro para conectar con creativos e innovadores afines que comparten el edificio.<\/p>\n<p>\u00bfY la cocina? Pi\u00e9nsala como tu mini oasis, cargada con todos los elementos esenciales como microondas, cafetera, hervidor el\u00e9ctrico y nevera. Se trata de hacer que tu caf\u00e9 o preparaci\u00f3n del almuerzo sea tan sencillo como un pastel.<\/p>\n<p>Con servicios de limpieza complementarios, nos encargamos de las molestias, permiti\u00e9ndote centrarte completamente en tu visi\u00f3n y proyectos. Mallorca 221 es m\u00e1s que solo un espacio; es un vibrante centro dise\u00f1ado para freelancers y startups listos para liderar el camino y dejar su huella.<\/p>\n<p>Tenemos proyectos no listados debido a la alta demanda del mercado.\u00a0<a href=\"https:\/\/smilyspaces.com\/contacto\/\" target=\"_blank\" rel=\"noopener\">Cont\u00e1ctenos<\/a>.<\/p>\n<p>Encu\u00e9ntranos aqu\u00ed:\u00a0<a href=\"https:\/\/www.google.com\/maps?ll=41.391396,2.158911&amp;z=13&amp;t=m&amp;hl=es-ES&amp;gl=US&amp;mapclient=embed&amp;cid=7962135447735965812\" target=\"_blank\" rel=\"noopener\">Google Maps.<\/a><\/p>\n","protected":false},"excerpt":{"rendered":"<p>Descubra un espacio de oficina premium en 221 Mallorca, Barcelona, \u200b\u200bideal para equipos de tres. Disfrute de comodidades de \u00faltima generaci\u00f3n, Wi-Fi de alta velocidad, acceso seguro con huellas dactilares y \u00e1reas comunes abiertas para establecer contactos. Cocina equipada y secretaria exclusiva incluidas para una experiencia empresarial perfecta<\/p>\n","protected":false},"featured_media":12046,"template":"","meta":{"inline_featured_image":false},"product_cat":[32],"product_tag":[36,47,147,150,52],"class_list":{"0":"post-11755","1":"product","2":"type-product","3":"status-publish","4":"has-post-thumbnail","6":"product_cat-1-3-personas","7":"product_tag-coworking","8":"product_tag-espacio-descanso","9":"product_tag-meeting-room","10":"product_tag-freelance","11":"product_tag-startup","13":"first","14":"outofstock","15":"shipping-taxable","16":"purchasable","17":"product-type-simple"},"aioseo_notices":[],"_links":{"self":[{"href":"https:\/\/smilyspaces.com\/index.php?rest_route=\/wp\/v2\/product\/11755","targetHints":{"allow":["GET"]}}],"collection":[{"href":"https:\/\/smilyspaces.com\/index.php?rest_route=\/wp\/v2\/product"}],"about":[{"href":"https:\/\/smilyspaces.com\/index.php?rest_route=\/wp\/v2\/types\/product"}],"version-history":[{"count":7,"href":"https:\/\/smilyspaces.com\/index.php?rest_route=\/wp\/v2\/product\/11755\/revisions"}],"predecessor-version":[{"id":12867,"href":"https:\/\/smilyspaces.com\/index.php?rest_route=\/wp\/v2\/product\/11755\/revisions\/12867"}],"wp:featuredmedia":[{"embeddable":true,"href":"https:\/\/smilyspaces.com\/index.php?rest_route=\/wp\/v2\/media\/12046"}],"wp:attachment":[{"href":"https:\/\/smilyspaces.com\/index.php?rest_route=%2Fwp%2Fv2%2Fmedia&parent=11755"}],"wp:term":[{"taxonomy":"product_cat","embeddable":true,"href":"https:\/\/smilyspaces.com\/index.php?rest_route=%2Fwp%2Fv2%2Fproduct_cat&post=11755"},{"taxonomy":"product_tag","embeddable":true,"href":"https:\/\/smilyspaces.com\/index.php?rest_route=%2Fwp%2Fv2%2Fproduct_tag&post=11755"}],"curies":[{"name":"wp","href":"https:\/\/api.w.org\/{rel}","templated":true}]}}